{"id":682,"date":"2024-01-24T17:52:53","date_gmt":"2024-01-24T17:52:53","guid":{"rendered":"https:\/\/forjamontseny.com\/?page_id=682"},"modified":"2024-01-24T17:53:38","modified_gmt":"2024-01-24T17:53:38","slug":"productes","status":"publish","type":"page","link":"https:\/\/forjamontseny.com\/es\/productes\/","title":{"rendered":"Botiga"},"content":{"rendered":"<div data-elementor-type=\"wp-page\" data-elementor-id=\"682\" class=\"elementor elementor-682\">\n\t\t\t\t\t\t<section class=\"elementor-section elementor-top-section elementor-element elementor-element-45ea057 elementor-section-boxed elementor-section-height-default elementor-section-height-default\" data-id=\"45ea057\" data-element_type=\"section\">\n\t\t\t\t\t\t<div class=\"elementor-container elementor-column-gap-default\">\n\t\t\t\t\t<div class=\"aux-parallax-section elementor-column elementor-col-100 elementor-top-column elementor-element elementor-element-a668521\" data-id=\"a668521\" data-element_type=\"column\">\n\t\t\t<div class=\"elementor-widget-wrap elementor-element-populated\">\n\t\t\t\t\t\t<div class=\"elementor-element elementor-element-6cca9ff elementor-widget elementor-widget-aux_product_grid\" data-id=\"6cca9ff\" data-element_type=\"widget\" data-settings=\"{&quot;columns&quot;:&quot;4&quot;}\" data-widget_type=\"aux_product_grid.default\">\n\t\t\t\t<div class=\"elementor-widget-container\">\n\t\t\t<div class='woocommerce woocommerce-page aux-shop-archive'><ul class=\"products columns-4\">\n<li class=\"product type-product post-1034 status-publish first onbackorder product_cat-sin-categorizar has-post-thumbnail shipping-taxable product-type-simple aux-remove-view-cart\">\n\t<a href=\"https:\/\/forjamontseny.com\/es\/producto\/porta-forja-4\/\" class=\"woocommerce-LoopProduct-link woocommerce-loop-product__link\"><img fetchpriority=\"high\" decoding=\"async\" width=\"300\" height=\"300\" src=\"https:\/\/forjamontseny.com\/wp-content\/uploads\/2024\/04\/Captura-de-pantalla-2024-04-30-a-las-12.34.01-1-300x300.png\" class=\"attachment-woocommerce_thumbnail size-woocommerce_thumbnail\" alt=\"\" srcset=\"https:\/\/forjamontseny.com\/wp-content\/uploads\/2024\/04\/Captura-de-pantalla-2024-04-30-a-las-12.34.01-1-300x300.png 300w, https:\/\/forjamontseny.com\/wp-content\/uploads\/2024\/04\/Captura-de-pantalla-2024-04-30-a-las-12.34.01-1-150x150.png 150w, https:\/\/forjamontseny.com\/wp-content\/uploads\/2024\/04\/Captura-de-pantalla-2024-04-30-a-las-12.34.01-1-100x100.png 100w\" sizes=\"(max-width: 300px) 100vw, 300px\" \/><a href=\"https:\/\/forjamontseny.com\/es\/producto\/porta-forja-4\/\"><h2 class=\"woocommerce-loop-product__title\">Porta forja<\/h2><\/a>\n<\/a><a href=\"https:\/\/forjamontseny.com\/es\/producto\/porta-forja-4\/\" aria-describedby=\"woocommerce_loop_add_to_cart_link_describedby_1034\" data-quantity=\"1\" class=\"button aux-ajax-add-to-cart product_type_simple\" data-product_id=\"1034\" data-product_sku=\"\" aria-label=\"Lee m\u00e1s sobre \u201cPorta forja\u201d\" rel=\"nofollow\" data-success_message=\"\" data-product-type=\"simple\" data-verify_nonce=\"baa974b7f2\" data-product_name=\"Porta forja\" data-price=\"\" data-no-translation=\"\" data-trp-gettext=\"\" data-no-translation-aria-label=\"\">Leer m\u00e1s<\/a>\t<span id=\"woocommerce_loop_add_to_cart_link_describedby_1034\" class=\"screen-reader-text\">\n\t\t\t<\/span>\n<\/li>\n<li class=\"product type-product post-1033 status-publish onbackorder product_cat-sin-categorizar has-post-thumbnail shipping-taxable product-type-simple aux-remove-view-cart\">\n\t<a href=\"https:\/\/forjamontseny.com\/es\/producto\/porta-forja-3\/\" class=\"woocommerce-LoopProduct-link woocommerce-loop-product__link\"><img decoding=\"async\" width=\"300\" height=\"300\" src=\"https:\/\/forjamontseny.com\/wp-content\/uploads\/2024\/04\/Captura-de-pantalla-2024-04-30-a-las-12.34.17-300x300.png\" class=\"attachment-woocommerce_thumbnail size-woocommerce_thumbnail\" alt=\"\" srcset=\"https:\/\/forjamontseny.com\/wp-content\/uploads\/2024\/04\/Captura-de-pantalla-2024-04-30-a-las-12.34.17-300x300.png 300w, https:\/\/forjamontseny.com\/wp-content\/uploads\/2024\/04\/Captura-de-pantalla-2024-04-30-a-las-12.34.17-150x150.png 150w, https:\/\/forjamontseny.com\/wp-content\/uploads\/2024\/04\/Captura-de-pantalla-2024-04-30-a-las-12.34.17-100x100.png 100w\" sizes=\"(max-width: 300px) 100vw, 300px\" \/><a href=\"https:\/\/forjamontseny.com\/es\/producto\/porta-forja-3\/\"><h2 class=\"woocommerce-loop-product__title\">Porta forja<\/h2><\/a>\n<\/a><a href=\"https:\/\/forjamontseny.com\/es\/producto\/porta-forja-3\/\" aria-describedby=\"woocommerce_loop_add_to_cart_link_describedby_1033\" data-quantity=\"1\" class=\"button aux-ajax-add-to-cart product_type_simple\" data-product_id=\"1033\" data-product_sku=\"\" aria-label=\"Lee m\u00e1s sobre \u201cPorta forja\u201d\" rel=\"nofollow\" data-success_message=\"\" data-product-type=\"simple\" data-verify_nonce=\"ad143fee5b\" data-product_name=\"Porta forja\" data-price=\"\" data-no-translation=\"\" data-trp-gettext=\"\" data-no-translation-aria-label=\"\">Leer m\u00e1s<\/a>\t<span id=\"woocommerce_loop_add_to_cart_link_describedby_1033\" class=\"screen-reader-text\">\n\t\t\t<\/span>\n<\/li>\n<li class=\"product type-product post-1032 status-publish onbackorder product_cat-sin-categorizar has-post-thumbnail shipping-taxable product-type-simple aux-remove-view-cart\">\n\t<a href=\"https:\/\/forjamontseny.com\/es\/producto\/porta-forja-2\/\" class=\"woocommerce-LoopProduct-link woocommerce-loop-product__link\"><img decoding=\"async\" width=\"300\" height=\"300\" src=\"https:\/\/forjamontseny.com\/wp-content\/uploads\/2024\/04\/Captura-de-pantalla-2024-04-30-a-las-12.33.33-300x300.png\" class=\"attachment-woocommerce_thumbnail size-woocommerce_thumbnail\" alt=\"\" srcset=\"https:\/\/forjamontseny.com\/wp-content\/uploads\/2024\/04\/Captura-de-pantalla-2024-04-30-a-las-12.33.33-300x300.png 300w, https:\/\/forjamontseny.com\/wp-content\/uploads\/2024\/04\/Captura-de-pantalla-2024-04-30-a-las-12.33.33-150x150.png 150w, https:\/\/forjamontseny.com\/wp-content\/uploads\/2024\/04\/Captura-de-pantalla-2024-04-30-a-las-12.33.33-100x100.png 100w\" sizes=\"(max-width: 300px) 100vw, 300px\" \/><a href=\"https:\/\/forjamontseny.com\/es\/producto\/porta-forja-2\/\"><h2 class=\"woocommerce-loop-product__title\">Porta forja<\/h2><\/a>\n<\/a><a href=\"https:\/\/forjamontseny.com\/es\/producto\/porta-forja-2\/\" aria-describedby=\"woocommerce_loop_add_to_cart_link_describedby_1032\" data-quantity=\"1\" class=\"button aux-ajax-add-to-cart product_type_simple\" data-product_id=\"1032\" data-product_sku=\"\" aria-label=\"Lee m\u00e1s sobre \u201cPorta forja\u201d\" rel=\"nofollow\" data-success_message=\"\" data-product-type=\"simple\" data-verify_nonce=\"fe2cf62820\" data-product_name=\"Porta forja\" data-price=\"\" data-no-translation=\"\" data-trp-gettext=\"\" data-no-translation-aria-label=\"\">Leer m\u00e1s<\/a>\t<span id=\"woocommerce_loop_add_to_cart_link_describedby_1032\" class=\"screen-reader-text\">\n\t\t\t<\/span>\n<\/li>\n<li class=\"product type-product post-680 status-publish last onbackorder product_cat-sin-categorizar has-post-thumbnail shipping-taxable product-type-simple aux-remove-view-cart\">\n\t<a href=\"https:\/\/forjamontseny.com\/es\/producto\/escultura\/\" class=\"woocommerce-LoopProduct-link woocommerce-loop-product__link\"><img loading=\"lazy\" decoding=\"async\" width=\"300\" height=\"300\" src=\"https:\/\/forjamontseny.com\/wp-content\/uploads\/2024\/01\/i3334833184-300x300.webp\" class=\"attachment-woocommerce_thumbnail size-woocommerce_thumbnail\" alt=\"\" srcset=\"https:\/\/forjamontseny.com\/wp-content\/uploads\/2024\/01\/i3334833184-300x300.webp 300w, https:\/\/forjamontseny.com\/wp-content\/uploads\/2024\/01\/i3334833184-150x150.webp 150w, https:\/\/forjamontseny.com\/wp-content\/uploads\/2024\/01\/i3334833184-12x12.webp 12w, https:\/\/forjamontseny.com\/wp-content\/uploads\/2024\/01\/i3334833184-600x600.webp 600w, https:\/\/forjamontseny.com\/wp-content\/uploads\/2024\/01\/i3334833184-100x100.webp 100w, https:\/\/forjamontseny.com\/wp-content\/uploads\/2024\/01\/i3334833184.webp 640w\" sizes=\"(max-width: 300px) 100vw, 300px\" \/><a href=\"https:\/\/forjamontseny.com\/es\/producto\/escultura\/\"><h2 class=\"woocommerce-loop-product__title\">Escultura<\/h2><\/a>\n<\/a><a href=\"https:\/\/forjamontseny.com\/es\/producto\/escultura\/\" aria-describedby=\"woocommerce_loop_add_to_cart_link_describedby_680\" data-quantity=\"1\" class=\"button aux-ajax-add-to-cart product_type_simple\" data-product_id=\"680\" data-product_sku=\"\" aria-label=\"Lee m\u00e1s sobre \u201cEscultura\u201d\" rel=\"nofollow\" data-success_message=\"\" data-product-type=\"simple\" data-verify_nonce=\"c384b22f18\" data-product_name=\"Escultura\" data-price=\"\" data-no-translation=\"\" data-trp-gettext=\"\" data-no-translation-aria-label=\"\">Leer m\u00e1s<\/a>\t<span id=\"woocommerce_loop_add_to_cart_link_describedby_680\" class=\"screen-reader-text\">\n\t\t\t<\/span>\n<\/li>\n<li class=\"product type-product post-678 status-publish first onbackorder product_cat-sin-categorizar has-post-thumbnail shipping-taxable product-type-simple aux-remove-view-cart\">\n\t<a href=\"https:\/\/forjamontseny.com\/es\/producto\/porta-forja\/\" class=\"woocommerce-LoopProduct-link woocommerce-loop-product__link\"><img loading=\"lazy\" decoding=\"async\" width=\"300\" height=\"300\" src=\"https:\/\/forjamontseny.com\/wp-content\/uploads\/2024\/04\/Captura-de-pantalla-2024-04-30-a-las-12.33.44-300x300.png\" class=\"attachment-woocommerce_thumbnail size-woocommerce_thumbnail\" alt=\"\" srcset=\"https:\/\/forjamontseny.com\/wp-content\/uploads\/2024\/04\/Captura-de-pantalla-2024-04-30-a-las-12.33.44-300x300.png 300w, https:\/\/forjamontseny.com\/wp-content\/uploads\/2024\/04\/Captura-de-pantalla-2024-04-30-a-las-12.33.44-150x150.png 150w, https:\/\/forjamontseny.com\/wp-content\/uploads\/2024\/04\/Captura-de-pantalla-2024-04-30-a-las-12.33.44-100x100.png 100w\" sizes=\"(max-width: 300px) 100vw, 300px\" \/><a href=\"https:\/\/forjamontseny.com\/es\/producto\/porta-forja\/\"><h2 class=\"woocommerce-loop-product__title\">Porta forja<\/h2><\/a>\n<\/a><a href=\"https:\/\/forjamontseny.com\/es\/producto\/porta-forja\/\" aria-describedby=\"woocommerce_loop_add_to_cart_link_describedby_678\" data-quantity=\"1\" class=\"button aux-ajax-add-to-cart product_type_simple\" data-product_id=\"678\" data-product_sku=\"\" aria-label=\"Lee m\u00e1s sobre \u201cPorta forja\u201d\" rel=\"nofollow\" data-success_message=\"\" data-product-type=\"simple\" data-verify_nonce=\"3c7594b266\" data-product_name=\"Porta forja\" data-price=\"\" data-no-translation=\"\" data-trp-gettext=\"\" data-no-translation-aria-label=\"\">Leer m\u00e1s<\/a>\t<span id=\"woocommerce_loop_add_to_cart_link_describedby_678\" class=\"screen-reader-text\">\n\t\t\t<\/span>\n<\/li>\n<li class=\"product type-product post-676 status-publish instock product_cat-sin-categorizar has-post-thumbnail shipping-taxable purchasable product-type-simple aux-remove-view-cart\">\n\t<a href=\"https:\/\/forjamontseny.com\/es\/producto\/roses-de-ferro-forjat\/\" class=\"woocommerce-LoopProduct-link woocommerce-loop-product__link\"><img loading=\"lazy\" decoding=\"async\" width=\"300\" height=\"300\" src=\"https:\/\/forjamontseny.com\/wp-content\/uploads\/2024\/01\/i3231405027-300x300.webp\" class=\"attachment-woocommerce_thumbnail size-woocommerce_thumbnail\" alt=\"\" srcset=\"https:\/\/forjamontseny.com\/wp-content\/uploads\/2024\/01\/i3231405027-300x300.webp 300w, https:\/\/forjamontseny.com\/wp-content\/uploads\/2024\/01\/i3231405027-150x150.webp 150w, https:\/\/forjamontseny.com\/wp-content\/uploads\/2024\/01\/i3231405027-12x12.webp 12w, https:\/\/forjamontseny.com\/wp-content\/uploads\/2024\/01\/i3231405027-600x600.webp 600w, https:\/\/forjamontseny.com\/wp-content\/uploads\/2024\/01\/i3231405027-100x100.webp 100w, https:\/\/forjamontseny.com\/wp-content\/uploads\/2024\/01\/i3231405027.webp 640w\" sizes=\"(max-width: 300px) 100vw, 300px\" \/><a href=\"https:\/\/forjamontseny.com\/es\/producto\/roses-de-ferro-forjat\/\"><h2 class=\"woocommerce-loop-product__title\">Roses de ferro forjat<\/h2><\/a>\n\t<span class=\"price\"><span class=\"woocommerce-Price-amount amount\"><bdi>90,00<span class=\"woocommerce-Price-currencySymbol\">&euro;<\/span><\/bdi><\/span><\/span>\n<\/a><a href=\"?add-to-cart=676\" aria-describedby=\"woocommerce_loop_add_to_cart_link_describedby_676\" data-quantity=\"1\" class=\"button aux-ajax-add-to-cart product_type_simple add_to_cart_button\" data-product_id=\"676\" data-product_sku=\"\" aria-label=\"A\u00f1adir al carrito: \u201cRoses de ferro forjat\u201d\" rel=\"nofollow\" data-success_message=\"\u00abRoses de ferro forjat\u00bb se ha a\u00f1adido a tu carrito\" data-product-type=\"simple\" data-verify_nonce=\"dfff993a83\" data-product_name=\"Roses de ferro forjat\" data-price=\"90\" data-no-translation=\"\" data-trp-gettext=\"\" data-no-translation-aria-label=\"\" data-no-translation-data-success_message=\"\">A\u00f1adir al carrito<\/a>\t<span id=\"woocommerce_loop_add_to_cart_link_describedby_676\" class=\"screen-reader-text\">\n\t\t\t<\/span>\n<\/li>\n<li class=\"product type-product post-672 status-publish instock product_cat-sin-categorizar has-post-thumbnail shipping-taxable purchasable product-type-simple aux-remove-view-cart\">\n\t<a href=\"https:\/\/forjamontseny.com\/es\/producto\/flor-de-forja\/\" class=\"woocommerce-LoopProduct-link woocommerce-loop-product__link\"><img loading=\"lazy\" decoding=\"async\" width=\"300\" height=\"300\" src=\"https:\/\/forjamontseny.com\/wp-content\/uploads\/2024\/01\/Captura-de-Pantalla-2024-02-08-a-las-14.42.19-300x300.png\" class=\"attachment-woocommerce_thumbnail size-woocommerce_thumbnail\" alt=\"\" srcset=\"https:\/\/forjamontseny.com\/wp-content\/uploads\/2024\/01\/Captura-de-Pantalla-2024-02-08-a-las-14.42.19-300x300.png 300w, https:\/\/forjamontseny.com\/wp-content\/uploads\/2024\/01\/Captura-de-Pantalla-2024-02-08-a-las-14.42.19-150x150.png 150w, https:\/\/forjamontseny.com\/wp-content\/uploads\/2024\/01\/Captura-de-Pantalla-2024-02-08-a-las-14.42.19-11x12.png 11w, https:\/\/forjamontseny.com\/wp-content\/uploads\/2024\/01\/Captura-de-Pantalla-2024-02-08-a-las-14.42.19-100x100.png 100w\" sizes=\"(max-width: 300px) 100vw, 300px\" \/><a href=\"https:\/\/forjamontseny.com\/es\/producto\/flor-de-forja\/\"><h2 class=\"woocommerce-loop-product__title\">Estrelles decoraci\u00f3<\/h2><\/a>\n\t<span class=\"price\"><span class=\"woocommerce-Price-amount amount\"><bdi>75,00<span class=\"woocommerce-Price-currencySymbol\">&euro;<\/span><\/bdi><\/span><\/span>\n<\/a><a href=\"?add-to-cart=672\" aria-describedby=\"woocommerce_loop_add_to_cart_link_describedby_672\" data-quantity=\"1\" class=\"button aux-ajax-add-to-cart product_type_simple add_to_cart_button\" data-product_id=\"672\" data-product_sku=\"\" aria-label=\"A\u00f1adir al carrito: \u201cEstrelles decoraci\u00f3\u201d\" rel=\"nofollow\" data-success_message=\"\u00abEstrelles decoraci\u00f3\u00bb se ha a\u00f1adido a tu carrito\" data-product-type=\"simple\" data-verify_nonce=\"de930bb934\" data-product_name=\"Estrelles decoraci\u00f3\" data-price=\"75\" data-no-translation=\"\" data-trp-gettext=\"\" data-no-translation-aria-label=\"\" data-no-translation-data-success_message=\"\">A\u00f1adir al carrito<\/a>\t<span id=\"woocommerce_loop_add_to_cart_link_describedby_672\" class=\"screen-reader-text\">\n\t\t\t<\/span>\n<\/li>\n<\/ul>\n<\/div>\t\t<\/div>\n\t\t\t\t<\/div>\n\t\t\t\t\t<\/div>\n\t\t<\/div>\n\t\t\t\t\t<\/div>\n\t\t<\/section>\n\t\t\t\t<\/div>","protected":false},"excerpt":{"rendered":"<p>Escultura Leer m\u00e1s Porta forja Leer m\u00e1s Roses de ferro forjat &#36;90.00 A\u00f1adir al carrito Llangardaix forjat &#36;480.00 A\u00f1adir al carrito<\/p>","protected":false},"author":1,"featured_media":0,"parent":0,"menu_order":0,"comment_status":"closed","ping_status":"closed","template":"","meta":{"footnotes":""},"class_list":["post-682","page","type-page","status-publish","hentry"],"jetpack_sharing_enabled":true,"_links":{"self":[{"href":"https:\/\/forjamontseny.com\/es\/wp-json\/wp\/v2\/pages\/682","targetHints":{"allow":["GET"]}}],"collection":[{"href":"https:\/\/forjamontseny.com\/es\/wp-json\/wp\/v2\/pages"}],"about":[{"href":"https:\/\/forjamontseny.com\/es\/wp-json\/wp\/v2\/types\/page"}],"author":[{"embeddable":true,"href":"https:\/\/forjamontseny.com\/es\/wp-json\/wp\/v2\/users\/1"}],"replies":[{"embeddable":true,"href":"https:\/\/forjamontseny.com\/es\/wp-json\/wp\/v2\/comments?post=682"}],"version-history":[{"count":5,"href":"https:\/\/forjamontseny.com\/es\/wp-json\/wp\/v2\/pages\/682\/revisions"}],"predecessor-version":[{"id":687,"href":"https:\/\/forjamontseny.com\/es\/wp-json\/wp\/v2\/pages\/682\/revisions\/687"}],"wp:attachment":[{"href":"https:\/\/forjamontseny.com\/es\/wp-json\/wp\/v2\/media?parent=682"}],"curies":[{"name":"wp","href":"https:\/\/api.w.org\/{rel}","templated":true}]}}