{"id":458,"date":"2023-07-05T12:01:56","date_gmt":"2023-07-05T12:01:56","guid":{"rendered":"https:\/\/forja.totmedia.net\/?page_id=458"},"modified":"2023-07-10T12:19:11","modified_gmt":"2023-07-10T12:19:11","slug":"privacidad","status":"publish","type":"page","link":"https:\/\/forjamontseny.com\/es\/privacidad\/","title":{"rendered":"Privacidad"},"content":{"rendered":"<h1 class=\"wp-block-heading\">Pol\u00edtica de privacidad<\/h1><p>De acuerdo con la Ley Org\u00e1nica 3\/2018 LOPD-GDD y el Reglamento Europeo RGPD de Protecci\u00f3n de Datos personales, hemos actualizado nuestra Pol\u00edtica de Privacidad. En esta web se respetan y cuidan los datos personales de los usuarios. Como usuario debes saber que tus derechos est\u00e1n garantizados.<\/p><p>Es necesario advertir que esta Pol\u00edtica de Privacidad podr\u00eda variar en funci\u00f3n de exigencias legislativas o de autorregulaci\u00f3n, por lo que se aconseja a los usuarios que la visiten peri\u00f3dicamente. Es de aplicaci\u00f3n en caso de que los usuarios decidan rellenar alg\u00fan formulario de cualquiera de sus formularios de contacto que se piden datos de car\u00e1cter personal.<\/p><p>MARC HERRERO BARO ha adecuado esta web a las exigencias de la Ley Org\u00e1nica 3\/2018 LOPD-GDD y al Reglamento (UE) 2016\/679 del Parlamento Europeo y del Consejo de 27 de abril de 2016 relativo a la protecci\u00f3n de las personas f\u00edsicas RGPD, as\u00ed como con la Ley 34\/2002 de 11 de julio, de Servicios de la Sociedad de la Informaci\u00f3n y Comercio Electr\u00f3nico LSSICE.<\/p><p><strong>Responsable del tratamiento de tus datos personales&nbsp;<\/strong><strong>.<\/strong><\/p><ul class=\"wp-block-list\"><li><strong>Identidad del Responsable<\/strong>&nbsp;: MARC HERRERO BAR\u00d3<\/li>\n\n<li><strong>NIF<\/strong>&nbsp;: 77310772K<\/li>\n\n<li><strong>Correu electronico<\/strong>\u00a0: ForjaMontseny@gmail.com<\/li>\n\n<li><strong>Web<\/strong>\u00a0: Forjamontseny.com<\/li>\n\n<li><strong>Tel\u00e9fono<\/strong>&nbsp;: 696 401 978<\/li><\/ul><p><strong>Principios que aplicaremos a tu informaci\u00f3n&nbsp;<\/strong><strong>.<\/strong><\/p><p>En el tratamiento de tus datos personales, aplicaremos los siguientes principios que se ajustan a las exigencias del nuevo reglamento europeo de protecci\u00f3n de datos:<\/p><p>Principio de licitud, lealtad y transparencia: siempre requeriremos su consentimiento para el tratamiento de tus datos personales para uno o varios fines espec\u00edficos que te informaremos previamente con absoluta transparencia.<\/p><p>Principio de minimizaci\u00f3n de datos: s\u00f3lo solicitaremos datos estrictamente necesarios en relaci\u00f3n con los fines para los que los requerimos.<\/p><p>Principio de limitaci\u00f3n del plazo de conservaci\u00f3n: los datos ser\u00e1n mantenidos durante no m\u00e1s tiempo del necesario para los fines del tratamiento, en funci\u00f3n de la finalidad, le informaremos del plazo de conservaci\u00f3n correspondiente, en el caso de suscripciones, peri\u00f3dicamente revisamos nuestras listas y eliminamos aquellos registros inactivos durante un tiempo considerable.<\/p><p>Principio de integridad y confidencialidad: tus datos ser\u00e1n tratados de forma que se garantice una seguridad adecuada de los datos personales y se garantice confidencialidad. Tomamos todas las precauciones necesarias para evitar el acceso no autorizado o uso indebido de los datos de nuestros usuarios por terceros.<\/p><p><strong>\u00bfC\u00f3mo hemos obtenido los datos?<\/strong><\/p><p>Los datos personales que tratamos proceden de:<\/p><ul class=\"wp-block-list\"><li>Formulario de contacto.<\/li>\n\n<li>Tel\u00e9fono.<\/li>\n\n<li>Web.<\/li>\n\n<li>Actividades.<\/li>\n\n<li>E-mail.<\/li>\n\n<li>Visites.<\/li><\/ul><p><strong>\u00bfCu\u00e1les son tus derechos cuando nos facilitas los datos?<\/strong><\/p><p>Los interesados \u200b\u200btienen derecho a:<\/p><ul class=\"wp-block-list\"><li>Solicitar el acceso a los datos personales relativos a la persona interesada.<\/li>\n\n<li>Solicitar su rectificaci\u00f3n.<\/li>\n\n<li>Solicitar la baja de nuestra base de datos.<\/li>\n\n<li>Solicitar la limitaci\u00f3n del tratamiento.<\/li>\n\n<li>Oponerse al tratamiento.<\/li><\/ul><p>Els interessats podran accedir a les seves dades personals, aix\u00ed com a sol\u00b7licitar la rectificaci\u00f3 de les dades inexactes o, si escau, sol\u00b7licitar la seva eliminaci\u00f3 quan, entre altres motius, les dades ja no siguin necess\u00e0ries per als fins que van ser recollides.&nbsp;En determinades circumst\u00e0ncies, els interessats podran sol\u00b7licitar la limitaci\u00f3 del tractament de les vostres dades, en aquest cas \u00fanicament les conservarem per a l&#8217;exercici o la defensa de reclamacions.&nbsp;En determinades circumst\u00e0ncies i per motius relacionats amb la seva situaci\u00f3 particular, els interessats podran oposar-se al tractament de les seves dades. MARC HERRERO BARO deixar\u00e0 de tractar les dades, excepte per motius leg\u00edtims imperiosos, o l&#8217;exercici o la defensa de possibles reclamacions.&nbsp;Com a interessat, tens dret a rebre les dades personals que t&#8217;incumbeixin, que ens hagis facilitat i en un format estructurat, d&#8217;\u00fas com\u00fa i lectura mec\u00e0nica, i transmetre&#8217;ls a un altre responsable del tractament quan:<\/p><ul class=\"wp-block-list\"><li>El tratamiento est\u00e9 basado en el consentimiento.<\/li>\n\n<li>Los datos hayan sido facilitados por el interesado.<\/li>\n\n<li>El tratamiento se realiza por medios automatizados.<\/li><\/ul><p>Los interesados \u200b\u200btambi\u00e9n tienen derecho a la tutela judicial efectiva ya presentar una reclamaci\u00f3n ante la autoridad de control, en este caso, la Agencia Espa\u00f1ola de Protecci\u00f3n de Datos, si consideran que el tratamiento de datos personales que le conciernen infringe el Reglamento.<\/p><p><strong>\u00bfCon qu\u00e9 finalidad tratamos sus datos personales?<\/strong><\/p><p>Sus datos personales s\u00f3lo se utilizar\u00e1n para las siguientes finalidades:<\/p><ul class=\"wp-block-list\"><li>Realizar las gestiones comerciales y administrativas necesarias con los usuarios de la web.<\/li>\n\n<li>Enviar las comunicaciones comerciales publicitarias por correo electr\u00f3nico, fax, SMS, MMS, comunidades sociales o cualquier otro medio electr\u00f3nico o f\u00edsico, en caso de que el Usuario haya consentido expresamente el env\u00edo de comunicaciones comerciales por v\u00eda electr\u00f3nica mediante la suscripci\u00f3n de la newsletter.<\/li>\n\n<li>Responder a las consultas y\/o proporcionar informaciones requeridas por el Usuario;<\/li>\n\n<li>Realizar las prestaciones de servicios y\/o productos contratados o suscritos por el Usuario<\/li>\n\n<li>Utilizar los datos para contactarnos, tanto por v\u00eda electr\u00f3nica como por electr\u00f3nica, para obtener su opini\u00f3n sobre el servicio prestado.<\/li>\n\n<li>Notificar cambios, desarrollos importantes de la pol\u00edtica de privacidad, aviso legal o pol\u00edtica de cookies.<\/li>\n\n<li>Los datos de clientes y\/o proveedores ser\u00e1n tratados, dentro de la relaci\u00f3n contractual que los vincula con el responsable, en cumplimiento de las obligaciones administrativas, fiscales, contables y laborales que sean necesarias en virtud de la legislaci\u00f3n vigente.<\/li><\/ul><p>Podeu revocar en qualsevol moment el vostre consentiment remetent un escrit amb l&#8217;assumpte \u201cBaixa\u201d a ForjaMontseny@gmail.com.<\/p><p>D&#8217;acord amb la LSSICE,&nbsp; MARC HERRERO BARO no fa pr\u00e0ctiques de SPAM, per tant, no envia correus comercials per correu electr\u00f2nic que no hagin estat pr\u00e8viament sol\u00b7licitats o autoritzats per l&#8217;Usuari.&nbsp;En conseq\u00fc\u00e8ncia, a totes les comunicacions que rebr\u00e0 de prestador, l&#8217;usuari t\u00e9 la possibilitat de cancel\u00b7lar el seu consentiment expr\u00e9s per rebre les nostres comunicacions.<\/p><p>No trataremos sus datos personales para ning\u00fan otro fin de los descritos salvo por obligaci\u00f3n legal o requerimiento judicial.<\/p><p>D&#8217;acord amb all\u00f2 establert a la Llei Org\u00e0nica 3\/2018 (LOPD-GDD) i al Reglament General de protecci\u00f3 de dades europeu (RGPD) 2016\/679, MARC HERRERO BARO  ser\u00e0 responsable del tractament de les dades corresponents a Usuaris de la web i subscriptors. MARC HERRERO BARO no ven, lloga o cedeix dades de car\u00e0cter personal que puguin identificar l&#8217;usuari, ni ho far\u00e0 en el futur, a tercers sense el consentiment previ.&nbsp;Sempre es realitzar\u00e0 amb els est\u00e0ndards de seguretat m\u00e9s estrictes.<\/p><p><strong>Enviar un mensaje de correo electr\u00f3nico a efectos de contacto&nbsp;<\/strong><strong>.<\/strong><\/p><p>Un cas especial de tractament de dades a&nbsp;MARC HERRERO BARO, es refereix als missatges de correu electr\u00f2nic que els usuaris envien per contactar amb la nostra empresa per fer preguntes sobre els nostres productes.&nbsp;Encara que hi ha un formulari de captaci\u00f3 de dades, a efectes de contacte, els usuaris poden tamb\u00e9 enviar missatges de correu electr\u00f2nic.&nbsp;Amb aquesta finalitat,&nbsp;MARC HERRERO BARO utilitza el sistema de correu electr\u00f2nic Gmail (Google).&nbsp;Els missatges dels usuaris amb aquest prop\u00f2sit queden emmagatzemats al compte de Gmail de&nbsp;MARC HERRERO BARO i les dades corresponents (email i nom) sota la pol\u00edtica de privadesa de Google.&nbsp;Les dades emmagatzemades al compte de Gmail ni se cedeixen ni es comparteixen amb ning\u00fa;&nbsp;i pots exercir els teus drets legals, segons s&#8217;especifica en aquesta pol\u00edtica de privadesa.<\/p><p><strong>Legitimaci\u00f3n para el tratamiento de tus datos&nbsp;<\/strong><strong>.<\/strong><\/p><p>La base legal para el tratamiento de los datos es el consentimiento otorgado para realizar las finalidades anteriormente descritas, que se solicitar\u00e1 en el momento de marcaci\u00f3n de la casilla correspondiente a la hora de recoger los datos.<\/p><p>No facilitar los datos personales solicitados o no aceptar esta pol\u00edtica de protecci\u00f3n de datos supone la imposibilidad de suscribirse, registrarse o recibir informaci\u00f3n de los productos y servicios del prestamista.<\/p><p>Para contactar o enviar formularios a esta web se requiere el consentimiento de esta Pol\u00edtica de privacidad. La oferta prospectiva o comercial de productos y servicios est\u00e1 basada en el consentimiento que se le solicita.<\/p><p>En los casos en que exista una relaci\u00f3n contractual previa entre las partes, la legitimaci\u00f3n para el desarrollo de las obligaciones administrativas, fiscales, contables y laborales que sean necesarias en virtud de la legislaci\u00f3n vigente ser\u00e1 la existencia previa de la relaci\u00f3n comercial establecida entre las partes. . En los casos en que exista una relaci\u00f3n contractual previa entre las partes, la legitimaci\u00f3n para el desarrollo de las obligaciones administrativas, fiscales, contables y laborales que sean necesarias en virtud de la legislaci\u00f3n vigente ser\u00e1 la existencia previa de la relaci\u00f3n comercial establecida entre las partes. .<\/p><p><strong>Categor\u00eda de los datos<\/strong><\/p><p>Las categor\u00edas de datos que se tratan son datos identificativos. Pueden tratarse y se tratan categor\u00edas de datos especialmente protegidas.<\/p><p><strong>\u00bfPor cu\u00e1nto tiempo conservaremos tus datos?<\/strong><\/p><p>Los datos personales proporcionados se conservar\u00e1n hasta que el interesado no solicite su baja.<\/p><p><strong>\u00bfA qu\u00e9 destinatarios se comunicar\u00e1n sus datos?<\/strong><\/p><p>Moltes eines que utilitzem per gestionar les teves dades s\u00f3n contractades per tercers.&nbsp;Per prestar serveis estrictament necessaris per al desenvolupament de l&#8217;activitat,&nbsp;MARC HERRERO BARO comparteix dades amb els seg\u00fcents prestadors sota les seves corresponents condicions de privadesa:<\/p><p><strong>Google Analytics<\/strong>&nbsp;: un servei anal\u00edtic de web prestat per Google, Inc., una companyia de Delaware que t\u00e9 com a oficina principal el 1600 Amphitheatre Parkway, Mountain View (Calif\u00f2rnia), CA 94043, Estats Units (\u201cGoogle\u201d).&nbsp;Google Analytics utilitza \u201ccookies\u201d, que s\u00f3n arxius de text ubicats al vostre ordinador, per ajudar a&nbsp;MARC HERRERO BARO a analitzar l&#8217;\u00fas que fan els usuaris del lloc web.&nbsp;La informaci\u00f3 que genera la galeta sobre el seu \u00fas de&nbsp;MARC HERRERO BARO ser\u00e0 directament transmesa i arxivada per Google als servidors dels Estats Units.&nbsp;L&#8217;adre\u00e7a IP \u00e9s anonimitzada, per la qual cosa no ser\u00e0 recopilada per Google.<\/p><p><strong>Navegaci\u00f3n<\/strong><\/p><p>En navegar per www.Forjamontseny.com   es poden recollir dades no identificables, que poden incloure, adreces IP, ubicaci\u00f3 geogr\u00e0fica (aproximadament), un registre de com s&#8217;utilitzen els serveis i llocs, i altres dades que no poden ser utilitzades per identificar el usuari.\u00a0Entre les dades no identificatives hi ha tamb\u00e9 les relacionades amb els teus h\u00e0bits de navegaci\u00f3 a trav\u00e9s de serveis de tercers.<\/p><p>Esta web utiliza los siguientes servicios de an\u00e1lisis de terceros:<\/p><p><strong>Google Analytics<\/strong>&nbsp;: Utilizamos esta informaci\u00f3n para analizar tendencias, administrar el sitio, rastrear los movimientos de los usuarios alrededor del sitio y para recopilar informaci\u00f3n demogr\u00e1fica sobre nuestra base de usuarios en su conjunto.<\/p><p><strong>Secreto y seguridad de los datos&nbsp;<\/strong><strong>.<\/strong><\/p><p>MARC HERRERO BARO se compromete al uso y tratamiento de los datos incluidos personales de los usuarios, respetando su confidencialidad ya utilizarlos de acuerdo con la finalidad, as\u00ed como a dar cumplimiento a su obligaci\u00f3n de guardar y adaptar todas las medidas para evitar la alteraci\u00f3n, p\u00e9rdida, tratamiento o acceso no autorizado, de conformidad con lo establecido en la normativa vigente de protecci\u00f3n de datos.<\/p><p>MARC HERRERO BARO no puede garantizar la absoluta inexpugnabilidad de la red Internet y, por tanto, la violaci\u00f3n de los datos mediante accesos fraudulentos por parte de terceros.<\/p><p>Pel que fa a la confidencialitat del processament,&nbsp;MARC HERRERO BARO assegureu-vos que qualsevol persona que estigui autoritzada per nosaltres per processar les dades del client (incl\u00f2s el seu personal, col\u00b7laboradors i prestadors), estar\u00e0 sota l&#8217;obligaci\u00f3 apropiada de confidencialitat (ja sigui un deure contractual o legal).<\/p><p>Quan es presenti algun incident de seguretat, en adonar-se&#8217;n&nbsp;MARC HERRERO BARO, notificar\u00e0 al Client sense demores indegudes i ha de proporcionar informaci\u00f3 oportuna relacionada amb l&#8217;Incident de Seguretat tal com es conegui o quan el Client ho sol\u00b7liciti raonablement.<\/p><p><strong>Exactitud y veracidad de los datos&nbsp;<\/strong><strong>.<\/strong><\/p><p>Com a usuari, ets l&#8217;\u00fanic responsable de la veracitat i correcci\u00f3 de les dades que facis arribar a&nbsp;MARC HERRERO BARO exonerant&nbsp;MARC HERRERO BARO, de qualsevol responsabilitat sobre aix\u00f2.<\/p><p>Los usuarios garantizan y responden, en cualquier caso, de la exactitud, vigencia y autenticidad de los datos personales facilitados, comprometi\u00e9ndose a mantenerlos debidamente actualizados. El usuario acepta proporcionar informaci\u00f3n completa y correcta en el formulario de contacto o de Cursos y Eventos.<\/p><p><strong>Aceptaci\u00f3n y consentimiento&nbsp;<\/strong><strong>.<\/strong><\/p><p>L&#8217;usuari declara haver estat informat de les condicions sobre protecci\u00f3 de dades de car\u00e0cter personal, acceptant i consentint-ne el tractament per part de&nbsp;MARC HERRERO BARO en la forma i per a les finalitats indicades en aquesta pol\u00edtica de privadesa.<\/p><p><strong>Revocabilidad&nbsp;<\/strong><strong>.<\/strong><\/p><p>El consentiment prestat, tant pel tractament com per a la cessi\u00f3 de les dades dels interessats, \u00e9s revocable en qualsevol moment comunicant-ho a&nbsp;MARC HERRERO BARO en els termes establerts en aquesta Pol\u00edtica per a l&#8217;exercici dels drets ARCO i els establerts a les diferents normatives vigents.&nbsp;Aquesta revocaci\u00f3 en cap cas no t\u00e9 car\u00e0cter retroactiu.<\/p><p><strong>Cambios en la pol\u00edtica de privacidad&nbsp;<\/strong><strong>.<\/strong><\/p><p>MARC HERRERO BARO es reserva el dret a modificar aquesta pol\u00edtica per adaptar-la a novetats legislatives o jurisprudencials, aix\u00ed com a pr\u00e0ctiques de la ind\u00fastria.&nbsp;En aquests sup\u00f2sits, MARC HERRERO BARO anunciar\u00e0 en aquesta p\u00e0gina els canvis introdu\u00efts amb una antelaci\u00f3 raonable a la seva posada en pr\u00e0ctica.<\/p><p><strong>Correos comerciales&nbsp;<\/strong><strong>.<\/strong><\/p><p>D&#8217;acord amb la LSSICE, www.Forjamontseny.com   no fa pr\u00e0ctiques de SPAM, per la qual cosa no envia correus comercials per via electr\u00f2nica que no hagin estat pr\u00e8viament sol\u00b7licitats o autoritzats per l&#8217;usuari.<\/p><p>D&#8217;acord amb el que disposa la Llei 34\/2002 de Serveis de la Societat de la Informaci\u00f3 i de comer\u00e7 electr\u00f2nic, www.Forjamontseny.com  es compromet a no enviar comunicacions de car\u00e0cter comercial sense identificar-les degudament.<\/p><p><strong>Medios Oficiales de Comunicaci\u00f3n&nbsp;<\/strong><strong>.<\/strong><\/p><p>Se informa al usuario que los medios habilitados para la empresa para comunicarse con clientes y otros afectados son el tel\u00e9fono corporativo, los tel\u00e9fonos m\u00f3viles de empresa y el correo electr\u00f3nico corporativo.<\/p><p>Si remet informaci\u00f3 personal a trav\u00e9s d&#8217;un mitj\u00e0 de comunicaci\u00f3 diferent dels indicats en aquest apartat,&nbsp;MARC HERRERO BARO queda exempta de responsabilitat en relaci\u00f3 amb les mesures de seguretat que disposi el mitj\u00e0 en q\u00fcesti\u00f3.<\/p><p><strong>P\u00edxeles.<\/strong><\/p><p>Un p\u00edxel es una imagen diminuta que puede encontrarse en correos electr\u00f3nicos y p\u00e1ginas web, y que requiere una llamada (que proporciona informaci\u00f3n sobre el dispositivo y la visita) a nuestros servidores para que este p\u00edxel se represente en estos correos electr\u00f3nicos y p\u00e1ginas web. Utilizamos p\u00edxeles para obtener m\u00e1s informaci\u00f3n sobre sus interacciones con el contenido web y de correo electr\u00f3nico, como si has interactuado con anuncios o publicaciones. Los p\u00edxeles tambi\u00e9n nos permiten, a nosotros ya terceros, colocar cookies en su navegador.<\/p><p><strong>Destinatarios de Cesiones o Transferencias&nbsp;<\/strong><strong>.<\/strong><\/p><p>MARC HERRERO BARO no lleva a cabo ninguna cesi\u00f3n o comunicaci\u00f3n de datos a menos que haya necesidad razonable para cumplir con un procedimiento judicial, obligaci\u00f3n legal o previa obtenci\u00f3n del consentimiento del usuario.<\/p><p>Tampoco se realizar\u00e1n transferencias internacionales de sus datos de car\u00e1cter personal sin su consentimiento previo sin perjuicio de poder bloquear o cancelar su cuenta si puede haber indicios de la comisi\u00f3n de alg\u00fan delito por parte del usuario. La informaci\u00f3n facilitada ser\u00e1 s\u00f3lo la que disponga en ese momento el prestamista.<\/p><p>MARC HERRERO BARO no ceder\u00e1 los datos recogidos a terceros a menos que haya necesidad razonable para cumplir un procedimiento judicial, obligaci\u00f3n legal o previa obtenci\u00f3n del consentimiento del usuario.<\/p><p><strong>Lengua&nbsp;<\/strong><strong>.<\/strong><\/p><p>El idioma aplicable a esta pol\u00edtica de privacidad es el espa\u00f1ol. Por tanto, en caso de que hubiera alguna contradicci\u00f3n en alguna de las versiones facilitadas en otros idiomas, prevalecer\u00e1 la versi\u00f3n en catal\u00e1n.<\/p><p><strong>Legislaci\u00f3n&nbsp;<\/strong><strong>.<\/strong><\/p><p>Amb car\u00e0cter general les relacions entre&nbsp;MARC HERRERO BARO amb els Usuaris dels seus serveis telem\u00e0tics, presents en aquesta web, estan sotmesos a la legislaci\u00f3 i jurisdicci\u00f3 espanyola a qu\u00e8 se sotmeten expressament les parts, sent competents per a la resoluci\u00f3 de tots els conflictes derivats o relacionats amb \u00fas els Jutjats i Tribunals de Barcelona.&nbsp;&nbsp;&nbsp;&nbsp;&nbsp;&nbsp;&nbsp;&nbsp;&nbsp;&nbsp;&nbsp;&nbsp;&nbsp;&nbsp;&nbsp;&nbsp;&nbsp;&nbsp;&nbsp;&nbsp;&nbsp;&nbsp;&nbsp;&nbsp;<\/p><p><strong>Propiedad intelectual e industrial&nbsp;<\/strong><strong>.<\/strong><\/p><p>MARC HERRERO BARO per si mateixa o com a cession\u00e0ria, \u00e9s titular de tots els drets de propietat intel\u00b7lectual i industrial de la seva p\u00e0gina web, aix\u00ed com dels elements continguts a la mateixa (a t\u00edtol enunciatiu, imatges, so, \u00e0udio, v\u00eddeo, programari o textos; marques o logotips, combinacions de colors, estructura i disseny, selecci\u00f3 de materials usats, programes d&#8217;ordinador necessaris per al seu funcionament, acc\u00e9s i \u00fas, etc.), titularitat de MARC HERRERO BARO seran, per tant, obres protegides com a propietat intel\u00b7lectual per l&#8217;ordenament&nbsp;jur\u00eddic espanyol, i els s\u00f3n aplicables tant la normativa espanyola i comunit\u00e0ria en aquest camp, com els tractats internacionals relatius a la mat\u00e8ria i subscrits per Espanya.<\/p><p>Tots els drets reservats.&nbsp;En virtut del que disposa la Llei de propietat intel\u00b7lectual, queden expressament prohibides la reproducci\u00f3, la distribuci\u00f3 i la comunicaci\u00f3 p\u00fablica, inclosa la seva modalitat de posada a disposici\u00f3, de la totalitat o part dels continguts d&#8217;aquesta p\u00e0gina web, amb fins comercials, en qualsevol suport i per qualsevol mitj\u00e0 t\u00e8cnic, sense lautoritzaci\u00f3 de&nbsp;MARC HERRERO BARO.<\/p><p>L&#8217;usuari es compromet a respectar els drets de propietat intel\u00b7lectual i industrial titularitat de&nbsp;MARC HERRERO BARO podr\u00e0 visualitzar els elements del portal i fins i tot imprimir-los, copiar-los i emmagatzemar-los al disc dur del seu ordinador o en qualsevol altre suport f\u00edsic sempre que sigui, \u00fanica i exclusivament , per a \u00fas personal i privat.&nbsp;L&#8217;usuari haur\u00e0 d&#8217;abstenir-se de suprimir, alterar, eludir o manipular qualsevol dispositiu de protecci\u00f3 o sistema de seguretat que estigui instal\u00b7lat a les p\u00e0gines de MARC HERRERO BARO.<\/p>","protected":false},"excerpt":{"rendered":"<p>Pol\u00edtica de privadesa D&#8217;acord amb la Llei Org\u00e0nica 3\/2018 LOPD-GDD i amb el Reglament Europeu RGPD de Protecci\u00f3 de Dades personals, hem actualitzat la nostra Pol\u00edtica de Privadesa.&nbsp;En aquesta web es respecten i cuiden les dades personals dels usuaris.&nbsp;Com a usuari has de saber que els teus drets estan garantits. Cal advertir que aquesta Pol\u00edtica [&hellip;]<\/p>","protected":false},"author":1,"featured_media":0,"parent":0,"menu_order":0,"comment_status":"closed","ping_status":"closed","template":"","meta":{"footnotes":""},"class_list":["post-458","page","type-page","status-publish","hentry"],"jetpack_sharing_enabled":true,"_links":{"self":[{"href":"https:\/\/forjamontseny.com\/es\/wp-json\/wp\/v2\/pages\/458","targetHints":{"allow":["GET"]}}],"collection":[{"href":"https:\/\/forjamontseny.com\/es\/wp-json\/wp\/v2\/pages"}],"about":[{"href":"https:\/\/forjamontseny.com\/es\/wp-json\/wp\/v2\/types\/page"}],"author":[{"embeddable":true,"href":"https:\/\/forjamontseny.com\/es\/wp-json\/wp\/v2\/users\/1"}],"replies":[{"embeddable":true,"href":"https:\/\/forjamontseny.com\/es\/wp-json\/wp\/v2\/comments?post=458"}],"version-history":[{"count":3,"href":"https:\/\/forjamontseny.com\/es\/wp-json\/wp\/v2\/pages\/458\/revisions"}],"predecessor-version":[{"id":471,"href":"https:\/\/forjamontseny.com\/es\/wp-json\/wp\/v2\/pages\/458\/revisions\/471"}],"wp:attachment":[{"href":"https:\/\/forjamontseny.com\/es\/wp-json\/wp\/v2\/media?parent=458"}],"curies":[{"name":"wp","href":"https:\/\/api.w.org\/{rel}","templated":true}]}}