{"id":453,"date":"2023-07-05T11:54:32","date_gmt":"2023-07-05T11:54:32","guid":{"rendered":"https:\/\/forja.totmedia.net\/?page_id=453"},"modified":"2023-07-10T12:16:47","modified_gmt":"2023-07-10T12:16:47","slug":"legal","status":"publish","type":"page","link":"https:\/\/forjamontseny.com\/es\/legal\/","title":{"rendered":"Legal"},"content":{"rendered":"<h1 class=\"wp-block-heading\">Aviso legal<\/h1><p>L\u00b4\u00fas d\u00b4aquest lloc web, www.Forjamontseny.com , implica l\u00b4acceptaci\u00f3 d\u00b4aquests termes.\u00a0Si no esteu d&#8217;acord amb ells, us preguem que no utilitzeu aquest lloc web.<\/p><p>Aquest Av\u00eds Legal regula l&#8217;\u00fas del lloc web www.Forjamontseny.com  sent el seu titular  MARC HERRERO BARO<\/p><p><strong>Responsable del tratamiento de tus datos personales&nbsp;<\/strong><strong>.<\/strong><\/p><ul class=\"wp-block-list\"><li><strong>Identidad del Responsable<\/strong>&nbsp;: MARC HERRERO BAR\u00d3<\/li>\n\n<li><strong>NIF<\/strong>&nbsp;: 77310772K<\/li>\n\n<li><strong>Correu electronico<\/strong>\u00a0: ForjaMontseny@gmail.com<\/li>\n\n<li><strong>Web<\/strong>\u00a0: Forjamontseny.com<\/li>\n\n<li><strong>Tel\u00e9fono<\/strong>&nbsp;: 696 401 978<\/li><\/ul><p>En cumplimiento de lo que dispone el Reglamento Europeo 2016\/679 de Protecci\u00f3n de Datos de Car\u00e1cter Personal, RGPD, y la Ley Org\u00e1nica 3\/2018, LOPD-GDD, MARC HERRERO BARO, le informa que, los datos de car\u00e1cter personal que nos proporcione a a trav\u00e9s de nuestro formulario de Contacto en nuestra p\u00e1gina web, se recoger\u00e1n en nuestras bases de datos enviado responsable MARC HERRERO BARO.<\/p><p>Podreu exercir els vostres drets d&#8217;acc\u00e9s, rectificaci\u00f3, portabilitat i supressi\u00f3 de les vostres dades i les de limitaci\u00f3 i oposici\u00f3 al vostre tractament en els termes i en les condicions previstes a la normativa legal vigent, adre\u00e7ant-vos per escrit a  MARC HERRERO BARO amb un e-mail a ForjaMontseny@gmail.com.<\/p><p>De conformitat amb l&#8217;article 32 del RGPD i amb el marc normatiu general de protecci\u00f3 de dades,  MARC HERRERO BARO ha adoptat les mesures de seguretat, t\u00e8cniques, organitzatives i de control proactiu necess\u00e0ries.&nbsp;Tot aix\u00f2, en funci\u00f3 de lan\u00e0lisi pr\u00e8via del risc de les operacions de tractament realitzades.<\/p><p> MARC HERRERO BARO se compromete a levantar un registro de las actividades de tratamiento tal y como se dispone en el art\u00edculo 30.2 del RGPD.<\/p><p>Le rogamos que comunique inmediatamente a MARC HERRERO BARO cualquier modificaci\u00f3n de sus datos de car\u00e1cter personal para que la informaci\u00f3n contenida en nuestros ficheros est\u00e9 siempre actualizada y no contenga errores.<\/p><p>Asimismo, con la aceptaci\u00f3n de este Aviso Legal reconoce que la informaci\u00f3n y datos personales recorda son exactos y veraces. La recogida de sus datos de car\u00e1cter personal se realiza para prestar los servicios solicitados y remitirle informaci\u00f3n sobre la entidad u ofertas comerciales de otros productos y servicios, avisos y, en general, informaci\u00f3n de TOMEDIA que pueda ser de su inter\u00e9s. De conformidad con lo previsto en la normativa actual vigente, al cumplimentar cualquiera de los formularios que aparecen en nuestra p\u00e1gina web, da su consentimiento para que sus datos sean tratados, a fin de dirigir informaci\u00f3n, siempre en el \u00e1mbito de las leg\u00edtimas cedente y cesionario.<\/p><p>Tamb\u00e9 autoritza  MARC HERRERO BARO perqu\u00e8 li puguin remetre comunicacions comercials a trav\u00e9s del correu electr\u00f2nic o de qualsevol altre mitj\u00e0 de comunicaci\u00f3 electr\u00f2nica equivalent.&nbsp;Les autoritzacions per a l&#8217;enviament d&#8217;informaci\u00f3 comercial, cessi\u00f3 de dades i enviament de comunicacions comercials per mitjans electr\u00f2nics seran revocables, en qualsevol moment, mitjan\u00e7ant comunicaci\u00f3 escrita dirigida a  MARC HERRERO BARO a l&#8217;adre\u00e7a abans esmentada, en la qual haur\u00e0 d&#8217;indicar les dades seg\u00fcents per a la seva identificaci\u00f3: nom i adre\u00e7a.<\/p><p> MARC HERRERO BARO se compromete a tratar de manera absolutamente confidencial sus datos de car\u00e1cter personal y utilizarlo s\u00f3lo para las finalidades indicadas.<\/p><p> MARC HERRERO BARO informa que procedir\u00e0 a tractar les dades de manera l\u00edcita, lleial, transparent, adequada, pertinent, limitada, exacta i actualitzada.&nbsp;\u00c9s per aix\u00f2 que  MARC HERRERO BARO es compromet a adoptar totes les mesures raonables perqu\u00e8 aquests se suprimeixin o rectifiquin sense dilaci\u00f3 quan siguin inexactes.<\/p><p>Asimismo, nos informamos que MARC HERRERO BARO tiene implantadas las medidas t\u00e9cnicas y organizativas necesarias para garantizar la seguridad de sus datos de car\u00e1cter personal y evitar su alteraci\u00f3n, p\u00e9rdida y tratamiento y\/o acceso no autorizado, teniendo en cuenta el estado de la tecnolog\u00eda, la naturaleza de los datos almacenados y los riesgos, provenientes de la acci\u00f3n humana o del medio f\u00edsico y natural, a los que est\u00e1n expuestos.<\/p><p><strong>Contenido, t\u00e9rminos legales y responsabilidades.<\/strong><\/p><p>El sitio web incluye contenidos elaborados por el titular del mismo y sus colaboradores, que tienen fines meramente informativos, ya que en alguna ocasi\u00f3n, \u00e9stos podr\u00edan no reflejar la actualidad m\u00e1s reciente, por lo que en cualquier momento estos contenidos podr\u00e1n ser modificados y\/o sustituidos por unos nuevos, sin notificaci\u00f3n previa, ni responsabilidad.<\/p><p>Los contenidos del sitio web no pueden ser considerados, en ning\u00fan caso, como sustitutivos de cualquier tipo de asesoramiento. No habr\u00e1 ning\u00fan tipo de relaci\u00f3n comercial, profesional, ni relaci\u00f3n alguna de otra \u00edndole entre los profesionales que integran el sitio web por el solo hecho del acceso por parte de los usuarios.<\/p><p>Para el caso de existir enlaces con diferentes sitios web, MARC HERRERO BARO, no se har\u00e1 responsable del contenido al no tener control sobre los mismos.<\/p><p>L&#8217;usuari quan accedeix al lloc web, ho fa pel seu compte i risc.&nbsp; MARC HERRERO BARO no garanteix ni la rapidesa, ni la interrupci\u00f3, ni l&#8217;abs\u00e8ncia de virus al lloc web.&nbsp;Aix\u00ed mateix, el titular del lloc web, els col\u00b7laboradors, els seus socis, empleats i representants tampoc no podran ser considerats responsables per qualsevol dany derivat de la utilitzaci\u00f3 d&#8217;aquest lloc web, ni per qualsevol actuaci\u00f3 realitzada sobre la base de la informaci\u00f3 que s&#8217;hi facilita<\/p><p>No se garantiza la ausencia de virus u otros elementos lesivos que puedan causar da\u00f1os o alteraciones en el sistema inform\u00e1tico, en los documentos electr\u00f3nicos o en los ficheros del usuario de este sitio web. En consecuencia, no se responde por los da\u00f1os y perjuicios que estos elementos puedan ocasionar al usuario o terceros.<\/p><p><strong>Modificaciones&nbsp;<\/strong><strong>.<\/strong><\/p><p> MARC HERRERO BARO es reserva el dret a realitzar les modificacions que consideri oportunes, sense previ av\u00eds, en el contingut del seu lloc web.&nbsp;Tant pel que fa als continguts del lloc web, com a les condicions d&#8217;\u00fas.&nbsp;Aquestes modificacions podran realitzar-se a trav\u00e9s del seu lloc web per qualsevol forma admissible en dret i seran de compliment obligat durant el temps en qu\u00e8 es trobin publicades al web i fins que no siguin modificades v\u00e0lidament per altres posteriors.<\/p><p><strong>marqu\u00e9s&nbsp;<\/strong><strong>.<\/strong><\/p><p>En MARC HERRERO BARO puede que se mencionen de forma indirecta ya nivel informativo algunos t\u00e9rminos y logotipos, que constituyen marcas registradas por sus respectivos propietarios, no haci\u00e9ndonos responsable de la utilizaci\u00f3n inadecuada que pudieran hacer terceras personas respecto a estas marcas.<\/p><p><strong>Usuario y R\u00e9gimen de Responsabilidades&nbsp;<\/strong><strong>.<\/strong><\/p><p>La utilitzaci\u00f3 d&#8217;aquesta p\u00e0gina web us atribueix la seva condici\u00f3 d&#8217;usuari.\u00a0Es recomana a l&#8217;usuari que llegeixi atentament i detingudament les condicions i instruccions publicades cada vegada que accedeixi a aquesta p\u00e0gina web, at\u00e8s que l&#8217;acc\u00e9s implica la lectura i l&#8217;acceptaci\u00f3.\u00a0Mitjan\u00e7ant l&#8217;acc\u00e9s i \u00fas a www.Forjamontseny.com  o qualsevol de les seves p\u00e0gines i subdominis, l&#8217;usuari manifesta el seu acord de forma expressa, plena i sense reserves a les condicions i instruccions publicades a l&#8217;av\u00eds legal en el moment de l&#8217;acc\u00e9s sense perjudici de l&#8217;aplicaci\u00f3 de la corresponent normativa de compliment legal obligat segons el cas.<\/p><p>El lloc web de  MARC HERRERO BARO proporciona una gran diversitat d&#8217;informaci\u00f3, serveis i dades.&nbsp;L&#8217;usuari assumeix la responsabilitat en l&#8217;\u00fas correcte del lloc web.&nbsp;Aquesta responsabilitat s&#8217;estendr\u00e0 a:<\/p><p>La veracidad y licitud de las informaciones aportadas por el usuario a los formularios extendidos por MARC HERRERO BARO para el acceso a ciertos contenidos o servicios ofrecidos por la web.<\/p><p>El uso de la informaci\u00f3n, servicios y datos ofrecidos por MARC HERRERO BARO contrariamente a lo dispuesto en estas condiciones, la Ley, la moral, las buenas costumbres o el orden p\u00fablico, o que de cualquier otra forma puedan suponer lesi\u00f3n de los derechos de terceros o del mismo funcionamiento del sitio web.<\/p><p>Cualquier utilizaci\u00f3n distinta de la autorizada est\u00e1 expresamente prohibida, quedando facultad MARC HERRERO BARO para denegar o retirar el acceso y uso de la Web, en cualquier momento, y sin previo aviso, a aquellos usuarios que incumplan estas condiciones generales.<\/p><p>Podr\u00e1 dirigirse a la Autoridad de Control competente para presentar la reclamaci\u00f3n que considere oportuna.<\/p><p><strong>Menores de edad.<\/strong><\/p><p>Para el uso de los servicios, los menores de edad deben obtener semper previamente el consentimiento de los padres, tutores o representantes legales, responsables \u00faltimos de todos los actos realizados por los menores a su cargo. La responsabilidad en la determinaci\u00f3n de contenidos concretos a los que accedan los menores corresponde a aquellos, por lo que, si accede a contenidos no apropiados para Internet, deber\u00e1n establecerse en sus ordenadores mecanismos, en particular programas inform\u00e1ticos, filtros y bloqueos, que permitan limitar los contenidos disponibles y, aunque no sean infalibles, son de especial utilidad para controlar y reducir los materiales a los que pueden acceder los menores.<\/p><p><strong>Propiedad Intelectual, Normativa y Foro&nbsp;<\/strong><strong>.<\/strong><\/p><p>El sitio web, incluyendo a t\u00edtulo enunciativo, pero no limitativo su programaci\u00f3n, edici\u00f3n, compilaci\u00f3n y otros elementos necesarios para su funcionamiento, los dise\u00f1os, logotipos, texto y\/o gr\u00e1ficos, son propiedad de MARC HERRERO BARO o en su caso dispone de licencia o autorizaci\u00f3n expresa por parte de los autores.<\/p><p>Todos los contenidos del sitio web se encuentran debidamente protegidos por la normativa de propiedad intelectual e industrial, as\u00ed como los inscritos en los registros p\u00fablicos correspondientes, y no se permite la reproducci\u00f3n y\/o publicaci\u00f3n, total o parcial, del sitio web, ni su tratamiento inform\u00e1tico, su distribuci\u00f3n, difusi\u00f3n, modificaci\u00f3n o transformaci\u00f3n, sin el permiso previo y por escrito.<\/p><p>Els dissenys, logotips, text i\/o gr\u00e0fics aliens a  MARC HERRERO BARO i que poguessin apar\u00e8ixer al lloc web, pertanyen als seus respectius propietaris, sent ells mateixos responsables de qualsevol possible controv\u00e8rsia que pogu\u00e9s suscitar-se respecte a aquests.&nbsp;En tot cas  MARC HERRERO BARO compta amb l&#8217;autoritzaci\u00f3 expressa i pr\u00e8via per part dels mateixos. MARC HERRERO BARO reconeix a favor dels seus titulars els corresponents drets de propietat intel\u00b7lectual, no implicant la seva sola menci\u00f3 o aparici\u00f3 al lloc web l&#8217;exist\u00e8ncia de drets o responsabilitat prestador sobre aquests, com tampoc suport, patrocini o recomanaci\u00f3 per aquest.<\/p><p>L&#8217;usuari pot utilitzar el material que aparegui en aquest lloc web per a \u00fas personal i privat, quedant prohibit el seu \u00fas amb fins comercials.&nbsp; MARC HERRERO BARO vetllar\u00e0 pel compliment de les condicions anteriors, com per la deguda utilitzaci\u00f3 dels continguts presentats a les seves p\u00e0gines web, exercitant totes les accions civils i penals que li correspondran en el cas d&#8217;infracci\u00f3 o incompliment d&#8217;aquests drets per part de l&#8217;usuari.<\/p><p><strong>Acciones legales, legislaci\u00f3n aplicable y jurisdicci\u00f3n&nbsp;<\/strong><strong>.<\/strong><\/p><p>Aquestes condicions d&#8217;\u00fas es regeixen per la legislaci\u00f3 espanyola, sent competents els jutjats i tribunals de la ciutat de  MARC HERRERO BARO per con\u00e8ixer de totes les q\u00fcestions que se suscitin sobre la interpretaci\u00f3, l&#8217;aplicaci\u00f3 i el compliment d&#8217;aquestes.&nbsp;Els usuaris, per virtut de la seva acceptaci\u00f3 a les condicions generals recollides en aquest Av\u00eds Legal, renuncien expressament a qualsevol fur que, per aplicaci\u00f3 de la Llei d&#8217;Enjudiciament Civil vigent, els pugui correspondre.<\/p><p> MARC HERRERO BARO se reserva, asimismo, la facultad de presentar las acciones civiles o penales que considere oportunas por la utilizaci\u00f3n indebida del sitio web y contenidos, o por el incumplimiento de las presentes condiciones.<\/p><p>La relaci\u00f3 entre l&#8217;usuari i el prestador es regir\u00e0 per la normativa vigent i aplicable al territori espanyol.&nbsp;Si sorgeix qualsevol controv\u00e8rsia, les parts poden sotmetre els seus conflictes a arbitratge o acudir a la jurisdicci\u00f3 ordin\u00e0ria complint amb les normes sobre jurisdicci\u00f3 i compet\u00e8ncia sobre aix\u00f2.&nbsp; MARC HERRERO BARO t\u00e9 el domicili a Barcelona, \u200b\u200bEspanya.<\/p><p>Les dades de car\u00e0cter personal que ens has facilitat de forma volunt\u00e0ria seran incorporades a un fitxer del qual \u00e9s titular  MARC HERRERO BARO que s&#8217;utilitzar\u00e0 per gestionar la teva subscripci\u00f3 al nostre butllet\u00ed a trav\u00e9s del qual et mantindrem informat dels productes, novetats, sorteigs, serveis, esdeveniments i promocions de  MARC HERRERO BARO, amb e-mail ForjaMontseny@gmail.com , aix\u00ed com la gesti\u00f3 de la vostra inscripci\u00f3 i participaci\u00f3 en sorteigs, concursos o esdeveniments que sol\u00b7licite participar.<\/p><p><strong>Suscripciones al bolet\u00edn de noticias&nbsp;<\/strong><strong>.<\/strong><\/p><p>S\u00f3lo pueden prestar el consentimiento personas mayores de 16 a\u00f1os.<\/p><p>Los datos personales proporcionados se conservar\u00e1n hasta que se solicite su supresi\u00f3n o revoque el consentimiento el interesado.<\/p><p>La base legal per al tractament de les vostres dades per tal de poder informar-vos per via electr\u00f2nica sobre els productes, novetats, sorteigs, serveis, esdeveniments i promocions de  MARC HERRERO BARO aix\u00ed com la gesti\u00f3 de la vostra inscripci\u00f3 i participaci\u00f3 a sorteigs, concursos o esdeveniments que sol\u00b7liciteu , \u00e9s l&#8217;aportaci\u00f3 del consentiment.&nbsp;El consentiment ser\u00e0 v\u00e0lid fins que decideixi revocar-lo.<\/p><p>Cualquier persona tiene derecho a obtener confirmaci\u00f3n sobre si en MARC HERRERO BARO estamos tratando datos personales que les conciernan o no.<\/p><p>Com a responsable del fitxer, l&#8217;empresa es compromet a respectar la confidencialitat de la vostra informaci\u00f3 de car\u00e0cter personal.\u00a0Per exercitar els teus drets d&#8217;acc\u00e9s, rectificaci\u00f3, cancel\u00b7laci\u00f3 i oposici\u00f3 haur\u00e0s de remetre una comunicaci\u00f3 des del compte de correu electr\u00f2nic que vas fer servir per tramitar l&#8217;alta a   ForjaMontseny@gmail.com   amb l&#8217;assumpte BAIXA.\u00a0Tramitar la subscripci\u00f3 al butllet\u00ed presumir\u00e0 el teu consentiment per tractar les dades en els termes indicats.<\/p><p>En el momento de la cancelaci\u00f3n de los datos, s\u00f3lo los conservaremos bloqueados en cumplimiento de obligaciones legales.<\/p><p><strong>Servicios de Contrataci\u00f3n por Internet&nbsp;<\/strong><strong>.<\/strong><\/p><p>Certs continguts de la website de  MARC HERRERO BARO contenen la possibilitat de contractaci\u00f3 per Internet.&nbsp;L&#8217;\u00fas d&#8217;aquests requerir\u00e0 la lectura i l&#8217;acceptaci\u00f3 obligat\u00f2ria de les condicions generals de contractaci\u00f3 establertes a aquest efecte per  MARC HERRERO BARO.<\/p><p><strong>Informaci\u00f3n b\u00e1sica&nbsp;<\/strong><strong>.<\/strong><\/p><p><strong>Responsable del tratamiento<\/strong>&nbsp;: MARCO HERRERO BARO<\/p><p><strong>Finalidad del tratamiento<\/strong>&nbsp;: gestionar las consultas de los usuarios y atender a las solicitudes.<\/p><p>Base legal para el tratamiento: el consentimiento otorgado con la aceptaci\u00f3n de la presente pol\u00edtica de protecci\u00f3n de datos.<\/p><p><strong>Destinatarios de los datos<\/strong>&nbsp;: no ser\u00e1n comunicados a terceras personas salvo por obligaci\u00f3n legal.<\/p><p><strong>Derechos<\/strong>\u00a0: per exercir els drets d&#8217;acc\u00e9s, rectificaci\u00f3, portabilitat i supressi\u00f3 de les vostres dades i els de limitaci\u00f3 i oposici\u00f3 al vostre tractament reconeguts per la normativa, podeu enviar un correu a                          ForjaMontseny@gmail.com   <\/p><p>Per a m\u00e9s informaci\u00f3 sobre aquest tractament i com exercir els vostres drets podeu consultar la nostra pol\u00edtica completa de protecci\u00f3 de dades a: https:\/\/www.Forjamontseny.com<\/p><p><strong>Cr\u00e9ditos del website&nbsp;<\/strong><strong>.&nbsp;&nbsp;&nbsp;&nbsp;&nbsp;&nbsp;&nbsp;&nbsp;&nbsp;<\/strong><\/p><p> MARC HERRERO BARO<\/p><p>\u00a9 Dret de propietat i copyright<\/p><p>ForjaMontseny@gmail.com<\/p><p>08470, Barcelona (Spain)<\/p><p>Tel. 696 401 978<\/p>","protected":false},"excerpt":{"rendered":"<p>Av\u00eds legal L\u00b4\u00fas d\u00b4aquest lloc web, www.Forjamontseny.com , implica l\u00b4acceptaci\u00f3 d\u00b4aquests termes.\u00a0Si no esteu d&#8217;acord amb ells, us preguem que no utilitzeu aquest lloc web. Aquest Av\u00eds Legal regula l&#8217;\u00fas del lloc web www.Forjamontseny.com sent el seu titular MARC HERRERO BARO Responsable del tractament de les teves dades personals&nbsp;. En compliment del que disposa el [&hellip;]<\/p>","protected":false},"author":1,"featured_media":0,"parent":0,"menu_order":0,"comment_status":"closed","ping_status":"closed","template":"","meta":{"footnotes":""},"class_list":["post-453","page","type-page","status-publish","hentry"],"jetpack_sharing_enabled":true,"_links":{"self":[{"href":"https:\/\/forjamontseny.com\/es\/wp-json\/wp\/v2\/pages\/453","targetHints":{"allow":["GET"]}}],"collection":[{"href":"https:\/\/forjamontseny.com\/es\/wp-json\/wp\/v2\/pages"}],"about":[{"href":"https:\/\/forjamontseny.com\/es\/wp-json\/wp\/v2\/types\/page"}],"author":[{"embeddable":true,"href":"https:\/\/forjamontseny.com\/es\/wp-json\/wp\/v2\/users\/1"}],"replies":[{"embeddable":true,"href":"https:\/\/forjamontseny.com\/es\/wp-json\/wp\/v2\/comments?post=453"}],"version-history":[{"count":4,"href":"https:\/\/forjamontseny.com\/es\/wp-json\/wp\/v2\/pages\/453\/revisions"}],"predecessor-version":[{"id":470,"href":"https:\/\/forjamontseny.com\/es\/wp-json\/wp\/v2\/pages\/453\/revisions\/470"}],"wp:attachment":[{"href":"https:\/\/forjamontseny.com\/es\/wp-json\/wp\/v2\/media?parent=453"}],"curies":[{"name":"wp","href":"https:\/\/api.w.org\/{rel}","templated":true}]}}